{"id":101,"date":"2025-10-20T19:50:59","date_gmt":"2025-10-20T17:50:59","guid":{"rendered":"https:\/\/gite1.palmo-concept.com\/?page_id=101"},"modified":"2025-11-15T11:06:56","modified_gmt":"2025-11-15T10:06:56","slug":"contact","status":"publish","type":"page","link":"https:\/\/gite1.palmo-concept.com\/?page_id=101","title":{"rendered":"Contact"},"content":{"rendered":"\t\t<div data-elementor-type=\"wp-page\" data-elementor-id=\"101\" class=\"elementor elementor-101\">\n\t\t\t\t<div class=\"elementor-element elementor-element-e5bd6ff e-con-full e-flex e-con e-parent\" data-id=\"e5bd6ff\" data-element_type=\"container\" data-settings=\"{&quot;background_background&quot;:&quot;classic&quot;}\">\n\t\t\t\t<div class=\"elementor-element elementor-element-abf8bf0 elementor-invisible elementor-widget elementor-widget-heading\" data-id=\"abf8bf0\" data-element_type=\"widget\" data-settings=\"{&quot;_animation&quot;:&quot;fadeIn&quot;}\" data-widget_type=\"heading.default\">\n\t\t\t\t\t<h1 class=\"elementor-heading-title elementor-size-default\">Contact<\/h1>\t\t\t\t<\/div>\n\t\t\t\t<div class=\"elementor-element elementor-element-b20089f elementor-invisible elementor-widget elementor-widget-heading\" data-id=\"b20089f\" data-element_type=\"widget\" data-settings=\"{&quot;_animation&quot;:&quot;fadeIn&quot;}\" data-widget_type=\"heading.default\">\n\t\t\t\t\t<h2 class=\"elementor-heading-title elementor-size-default\">N'h\u00e9sitez pas \u00e0 nous contacter<\/h2>\t\t\t\t<\/div>\n\t\t\t\t<\/div>\n\t\t<div class=\"elementor-element elementor-element-b0123c1 e-flex e-con-boxed e-con e-parent\" data-id=\"b0123c1\" data-element_type=\"container\">\n\t\t\t\t\t<div class=\"e-con-inner\">\n\t\t\t\t<div class=\"elementor-element elementor-element-8e10e12 elementor-widget elementor-widget-heading\" data-id=\"8e10e12\" data-element_type=\"widget\" data-widget_type=\"heading.default\">\n\t\t\t\t\t<h2 class=\"elementor-heading-title elementor-size-default\">Nous contacter<\/h2>\t\t\t\t<\/div>\n\t\t\t\t<div class=\"elementor-element elementor-element-be08511 elementor-widget elementor-widget-shortcode\" data-id=\"be08511\" data-element_type=\"widget\" data-widget_type=\"shortcode.default\">\n\t\t\t\t\t\t\t<div class=\"elementor-shortcode\">\t<style id=\"wpforms-css-vars-103\">\n\t\t\t\t#wpforms-103 {\n\t\t\t\t--wpforms-field-border-color: rgba(0, 0, 0, 0.25);\n--wpforms-field-border-color-spare: rgba(0, 0, 0, 0.25);\n--wpforms-field-text-color: rgba(0, 0, 0, 0.7);\n--wpforms-label-color: rgba(0, 0, 0, 0.85);\n--wpforms-label-sublabel-color: rgba(0, 0, 0, 0.55);\n--wpforms-button-border-radius: 35px;\n--wpforms-button-background-color: #A68341;\n--wpforms-container-padding: 0px;\n--wpforms-container-border-width: 1px;\n--wpforms-container-border-radius: 3px;\n--wpforms-background-color: rgba(0, 0, 0, 0);\n--wpforms-field-size-input-height: 43px;\n--wpforms-field-size-input-spacing: 15px;\n--wpforms-field-size-font-size: 16px;\n--wpforms-field-size-line-height: 19px;\n--wpforms-field-size-padding-h: 14px;\n--wpforms-field-size-checkbox-size: 16px;\n--wpforms-field-size-sublabel-spacing: 5px;\n--wpforms-field-size-icon-size: 1;\n--wpforms-label-size-font-size: 16px;\n--wpforms-label-size-line-height: 19px;\n--wpforms-label-size-sublabel-font-size: 14px;\n--wpforms-label-size-sublabel-line-height: 17px;\n--wpforms-button-size-font-size: 20px;\n--wpforms-button-size-height: 48px;\n--wpforms-button-size-padding-h: 20px;\n--wpforms-button-size-margin-top: 15px;\n--wpforms-container-shadow-size-box-shadow: none;\n\t\t\t}\n\t\t\t<\/style><style id=\"wpforms-css-vars-103-custom-css\">\n\t\t\t\t#wpforms-103 {\n\t\t\t\t\t\/* Importation de la police Satisfy depuis Google Fonts *\/\r\n@import url('https:\/\/fonts.googleapis.com\/css2?family=Satisfy&display=swap');\r\n\r\n\/* Appliquer la police Satisfy \u00e0 tous les champs et labels WPForms *\/\r\n.wpforms-form input[type=\"text\"],\r\n.wpforms-form input[type=\"email\"],\r\n.wpforms-form input[type=\"url\"],\r\n.wpforms-form input[type=\"tel\"],\r\n.wpforms-form input[type=\"number\"],\r\n.wpforms-form input[type=\"password\"],\r\n.wpforms-form select,\r\n.wpforms-form textarea,\r\n.wpforms-form label {\r\n  font-family: 'Satisfy', cursive !important;\r\nfont-size: 20px !important; \r\n}\r\n\r\n\/* Appliquer la police au bouton d\u2019envoi *\/\r\n.wpforms-submit {\r\n  font-family: 'Satisfy', cursive !important;\r\n  font-size: 28px;\r\n  background-color: #A68341; \/* couleur du bouton (bleu WP par d\u00e9faut) *\/\r\n  color: #fff;\r\n  border: none;\r\n  border-radius: 4px;\r\n  padding: 10px 25px;\r\n  cursor: pointer;\r\n  transition: background-color 0.3s ease;\r\n}\r\n\r\n\/* Effet au survol du bouton *\/\r\n.wpforms-submit:hover {\r\n  background-color: ##A68341;\r\n}\n\t\t\t\t}\n\t\t\t<\/style><div class=\"wpforms-container wpforms-container-full wpforms-render-modern\" id=\"wpforms-103\"><form id=\"wpforms-form-103\" class=\"wpforms-validate wpforms-form wpforms-ajax-form\" data-formid=\"103\" method=\"post\" enctype=\"multipart\/form-data\" action=\"\/index.php?rest_route=%2Fwp%2Fv2%2Fpages%2F101\" data-token=\"98831dc9b1310358991ac616850bd057\" data-token-time=\"1778919060\"><noscript class=\"wpforms-error-noscript\">Veuillez activer JavaScript dans votre navigateur pour remplir ce formulaire.<\/noscript><div id=\"wpforms-error-noscript\" style=\"display: none;\">Veuillez activer JavaScript dans votre navigateur pour remplir ce formulaire.<\/div><div class=\"wpforms-field-container\">\t\t<div id=\"wpforms-103-field_4-container\"\n\t\t\tclass=\"wpforms-field wpforms-field-text\"\n\t\t\tdata-field-type=\"text\"\n\t\t\tdata-field-id=\"4\"\n\t\t\t>\n\t\t\t<label class=\"wpforms-field-label\" for=\"wpforms-103-field_4\" >Objet Nom E-mail<\/label>\n\t\t\t<input type=\"text\" id=\"wpforms-103-field_4\" class=\"wpforms-field-medium\" name=\"wpforms[fields][4]\" >\n\t\t<\/div>\n\t\t<div id=\"wpforms-103-field_1-container\" class=\"wpforms-field wpforms-field-name\" data-field-id=\"1\"><label class=\"wpforms-field-label\" for=\"wpforms-103-field_1\">Nom <span class=\"wpforms-required-label\" aria-hidden=\"true\">*<\/span><\/label><input type=\"text\" id=\"wpforms-103-field_1\" class=\"wpforms-field-medium wpforms-field-required\" name=\"wpforms[fields][1]\" aria-errormessage=\"wpforms-103-field_1-error\" required><\/div><div id=\"wpforms-103-field_2-container\" class=\"wpforms-field wpforms-field-email\" data-field-id=\"2\"><label class=\"wpforms-field-label\" for=\"wpforms-103-field_2\">E-mail <span class=\"wpforms-required-label\" aria-hidden=\"true\">*<\/span><\/label><input type=\"email\" id=\"wpforms-103-field_2\" class=\"wpforms-field-medium wpforms-field-required\" name=\"wpforms[fields][2]\" spellcheck=\"false\" aria-errormessage=\"wpforms-103-field_2-error\" required><\/div><div id=\"wpforms-103-field_6-container\" class=\"wpforms-field wpforms-field-number\" data-field-id=\"6\"><label class=\"wpforms-field-label\" for=\"wpforms-103-field_6\">Num\u00e9ro de t\u00e9l\u00e9phone<\/label><input type=\"number\" id=\"wpforms-103-field_6\" class=\"wpforms-field-medium\" name=\"wpforms[fields][6]\" placeholder=\"0102030405\" step=\"any\" aria-errormessage=\"wpforms-103-field_6-error\" ><\/div><div id=\"wpforms-103-field_5-container\" class=\"wpforms-field wpforms-field-select wpforms-field-select-style-classic\" data-field-id=\"5\"><label class=\"wpforms-field-label\" for=\"wpforms-103-field_5\">Objet<\/label><select id=\"wpforms-103-field_5\" class=\"wpforms-field-medium\" name=\"wpforms[fields][5]\"><option value=\"R\u00e9server le g\u00eete\"  class=\"choice-1 depth-1\"  >R\u00e9server le g\u00eete<\/option><option value=\"Besoin de plus d&#039;informations\"  class=\"choice-2 depth-1\"  >Besoin de plus d'informations<\/option><option value=\"Autre\"  class=\"choice-3 depth-1\"  >Autre<\/option><\/select><\/div><div id=\"wpforms-103-field_3-container\" class=\"wpforms-field wpforms-field-textarea\" data-field-id=\"3\"><label class=\"wpforms-field-label\" for=\"wpforms-103-field_3\">Commentaire ou message<\/label><textarea id=\"wpforms-103-field_3\" class=\"wpforms-field-medium\" name=\"wpforms[fields][3]\" aria-errormessage=\"wpforms-103-field_3-error\" ><\/textarea><\/div><script>\n\t\t\t\t( function() {\n\t\t\t\t\tconst style = document.createElement( 'style' );\n\t\t\t\t\tstyle.appendChild( document.createTextNode( '#wpforms-103-field_4-container { position: absolute !important; overflow: hidden !important; display: inline !important; height: 1px !important; width: 1px !important; z-index: -1000 !important; padding: 0 !important; } #wpforms-103-field_4-container input { visibility: hidden; } #wpforms-conversational-form-page #wpforms-103-field_4-container label { counter-increment: none; }' ) );\n\t\t\t\t\tdocument.head.appendChild( style );\n\t\t\t\t\tdocument.currentScript?.remove();\n\t\t\t\t} )();\n\t\t\t<\/script><\/div><!-- .wpforms-field-container --><div class=\"wpforms-submit-container\" ><input type=\"hidden\" name=\"wpforms[id]\" value=\"103\"><input type=\"hidden\" name=\"page_title\" value=\"\"><input type=\"hidden\" name=\"page_url\" value=\"https:\/\/gite1.palmo-concept.com\/index.php?rest_route=\/wp\/v2\/pages\/101\"><input type=\"hidden\" name=\"url_referer\" value=\"\"><button type=\"submit\" name=\"wpforms[submit]\" id=\"wpforms-submit-103\" class=\"wpforms-submit\" data-alt-text=\"Envoi...\" data-submit-text=\"Envoyer\" aria-live=\"assertive\" value=\"wpforms-submit\">Envoyer<\/button><img decoding=\"async\" src=\"https:\/\/gite1.palmo-concept.com\/wp-content\/plugins\/wpforms-lite\/assets\/images\/submit-spin.svg\" class=\"wpforms-submit-spinner\" style=\"display: none;\" width=\"26\" height=\"26\" alt=\"Chargement en cours\"><\/div><\/form><\/div>  <!-- .wpforms-container --><\/div>\n\t\t\t\t\t\t<\/div>\n\t\t\t\t<div class=\"elementor-element elementor-element-bba15b1 elementor-align-center elementor-widget__width-initial elementor-invisible elementor-widget elementor-widget-button\" data-id=\"bba15b1\" data-element_type=\"widget\" data-settings=\"{&quot;_animation&quot;:&quot;fadeIn&quot;,&quot;_animation_delay&quot;:400}\" data-widget_type=\"button.default\">\n\t\t\t\t\t\t\t\t\t\t<a class=\"elementor-button elementor-button-link elementor-size-sm\" href=\"https:\/\/gite1.palmo-concept.com\/?page_id=84\">\n\t\t\t\t\t\t<span class=\"elementor-button-content-wrapper\">\n\t\t\t\t\t\t\t\t\t<span class=\"elementor-button-text\">Voir tout le g\u00eete<\/span>\n\t\t\t\t\t<\/span>\n\t\t\t\t\t<\/a>\n\t\t\t\t\t\t\t\t<\/div>\n\t\t\t\t\t<\/div>\n\t\t\t\t<\/div>\n\t\t\t\t<\/div>\n\t\t","protected":false},"excerpt":{"rendered":"<p>Contact N&rsquo;h\u00e9sitez pas \u00e0 nous contacter Nous contacter Voir tout le g\u00eete<\/p>\n","protected":false},"author":1,"featured_media":0,"parent":0,"menu_order":0,"comment_status":"closed","ping_status":"closed","template":"elementor_header_footer","meta":{"footnotes":""},"class_list":["post-101","page","type-page","status-publish","hentry"],"_links":{"self":[{"href":"https:\/\/gite1.palmo-concept.com\/index.php?rest_route=\/wp\/v2\/pages\/101","targetHints":{"allow":["GET"]}}],"collection":[{"href":"https:\/\/gite1.palmo-concept.com\/index.php?rest_route=\/wp\/v2\/pages"}],"about":[{"href":"https:\/\/gite1.palmo-concept.com\/index.php?rest_route=\/wp\/v2\/types\/page"}],"author":[{"embeddable":true,"href":"https:\/\/gite1.palmo-concept.com\/index.php?rest_route=\/wp\/v2\/users\/1"}],"replies":[{"embeddable":true,"href":"https:\/\/gite1.palmo-concept.com\/index.php?rest_route=%2Fwp%2Fv2%2Fcomments&post=101"}],"version-history":[{"count":31,"href":"https:\/\/gite1.palmo-concept.com\/index.php?rest_route=\/wp\/v2\/pages\/101\/revisions"}],"predecessor-version":[{"id":632,"href":"https:\/\/gite1.palmo-concept.com\/index.php?rest_route=\/wp\/v2\/pages\/101\/revisions\/632"}],"wp:attachment":[{"href":"https:\/\/gite1.palmo-concept.com\/index.php?rest_route=%2Fwp%2Fv2%2Fmedia&parent=101"}],"curies":[{"name":"wp","href":"https:\/\/api.w.org\/{rel}","templated":true}]}}