{"id":89,"date":"2025-10-20T19:46:39","date_gmt":"2025-10-20T17:46:39","guid":{"rendered":"https:\/\/gite1.palmo-concept.com\/?page_id=89"},"modified":"2025-11-11T22:27:33","modified_gmt":"2025-11-11T21:27:33","slug":"les-alentours","status":"publish","type":"page","link":"https:\/\/gite1.palmo-concept.com\/?page_id=89","title":{"rendered":"Les alentours"},"content":{"rendered":"\t\t<div data-elementor-type=\"wp-page\" data-elementor-id=\"89\" class=\"elementor elementor-89\">\n\t\t\t\t<div class=\"elementor-element elementor-element-a4fa735 e-con-full e-flex e-con e-parent\" data-id=\"a4fa735\" data-element_type=\"container\" data-settings=\"{&quot;background_background&quot;:&quot;classic&quot;}\">\n\t\t\t\t<div class=\"elementor-element elementor-element-f04ee15 elementor-invisible elementor-widget elementor-widget-heading\" data-id=\"f04ee15\" data-element_type=\"widget\" data-settings=\"{&quot;_animation&quot;:&quot;fadeIn&quot;}\" data-widget_type=\"heading.default\">\n\t\t\t\t\t<h1 class=\"elementor-heading-title elementor-size-default\">Les alentours<\/h1>\t\t\t\t<\/div>\n\t\t\t\t<div class=\"elementor-element elementor-element-71f8c84 elementor-invisible elementor-widget elementor-widget-heading\" data-id=\"71f8c84\" data-element_type=\"widget\" data-settings=\"{&quot;_animation&quot;:&quot;fadeIn&quot;}\" data-widget_type=\"heading.default\">\n\t\t\t\t\t<h2 class=\"elementor-heading-title elementor-size-default\">D\u00e9couvrez quelques activit\u00e9s autour du g\u00eete<\/h2>\t\t\t\t<\/div>\n\t\t\t\t<div class=\"elementor-element elementor-element-65d59bc elementor-align-center elementor-widget__width-initial elementor-invisible elementor-widget elementor-widget-button\" data-id=\"65d59bc\" data-element_type=\"widget\" data-settings=\"{&quot;_animation&quot;:&quot;fadeIn&quot;,&quot;_animation_delay&quot;:400}\" data-widget_type=\"button.default\">\n\t\t\t\t\t\t\t\t\t\t<a class=\"elementor-button elementor-button-link elementor-size-sm\" href=\"https:\/\/gite1.palmo-concept.com\/?page_id=101\">\n\t\t\t\t\t\t<span class=\"elementor-button-content-wrapper\">\n\t\t\t\t\t\t\t\t\t<span class=\"elementor-button-text\">Nous contacter<\/span>\n\t\t\t\t\t<\/span>\n\t\t\t\t\t<\/a>\n\t\t\t\t\t\t\t\t<\/div>\n\t\t\t\t<\/div>\n\t\t<div class=\"elementor-element elementor-element-d619acc e-flex e-con-boxed e-con e-parent\" data-id=\"d619acc\" data-element_type=\"container\">\n\t\t\t\t\t<div class=\"e-con-inner\">\n\t\t\t\t<div class=\"elementor-element elementor-element-f958ba0 elementor-widget elementor-widget-heading\" data-id=\"f958ba0\" data-element_type=\"widget\" data-widget_type=\"heading.default\">\n\t\t\t\t\t<h1 class=\"elementor-heading-title elementor-size-default\">\u00c0 faire autour de notre g\u00eete \u00e0 G\u00e9lainville<\/h1>\t\t\t\t<\/div>\n\t\t\t\t<div class=\"elementor-element elementor-element-7626a0b elementor-widget elementor-widget-heading\" data-id=\"7626a0b\" data-element_type=\"widget\" data-widget_type=\"heading.default\">\n\t\t\t\t\t<p class=\"elementor-heading-title elementor-size-default\">Install\u00e9s dans notre charmant g\u00eete \u00e0 G\u00e9lainville, vous \u00eates id\u00e9alement situ\u00e9s pour d\u00e9couvrir les tr\u00e9sors de la r\u00e9gion de Chartres et de l\u2019Eure-et-Loir. \u00c0 quelques minutes en voiture, partez \u00e0 l\u2019aventure, que vous soyez en famille, entre amis ou en couple. Voici notre s\u00e9lection coup de c\u0153ur d\u2019activit\u00e9s \u00e0 ne pas manquer !<\/p>\t\t\t\t<\/div>\n\t\t\t\t<div class=\"elementor-element elementor-element-3759d06 elementor-widget elementor-widget-heading\" data-id=\"3759d06\" data-element_type=\"widget\" data-widget_type=\"heading.default\">\n\t\t\t\t\t<p class=\"elementor-heading-title elementor-size-default\">Nous esp\u00e9rons que ces suggestions vous inspireront et vous aideront \u00e0 planifier de beaux moments durant votre s\u00e9jour. N\u2019h\u00e9sitez pas \u00e0 nous demander davantage de recommandations, nous serons ravis de vous orienter !<\/p>\t\t\t\t<\/div>\n\t\t\t\t\t<\/div>\n\t\t\t\t<\/div>\n\t\t<div class=\"elementor-element elementor-element-96b7bc5 e-flex e-con-boxed e-con e-parent\" data-id=\"96b7bc5\" data-element_type=\"container\">\n\t\t\t\t\t<div class=\"e-con-inner\">\n\t\t<div class=\"elementor-element elementor-element-1d95b6d e-con-full e-flex e-con e-child\" data-id=\"1d95b6d\" data-element_type=\"container\">\n\t\t\t\t<div class=\"elementor-element elementor-element-c874545 elementor-widget elementor-widget-image\" data-id=\"c874545\" data-element_type=\"widget\" data-widget_type=\"image.default\">\n\t\t\t\t\t\t\t\t\t\t\t\t\t\t\t<img fetchpriority=\"high\" decoding=\"async\" width=\"800\" height=\"687\" src=\"https:\/\/gite1.palmo-concept.com\/wp-content\/uploads\/2025\/10\/zoo_refuge_la_taniere-1024x879.webp\" class=\"attachment-large size-large wp-image-300\" alt=\"Zoo-Refuge La Tani\u00e8re Nogent-le-Phaye\" srcset=\"https:\/\/gite1.palmo-concept.com\/wp-content\/uploads\/2025\/10\/zoo_refuge_la_taniere-1024x879.webp 1024w, https:\/\/gite1.palmo-concept.com\/wp-content\/uploads\/2025\/10\/zoo_refuge_la_taniere-300x257.webp 300w, https:\/\/gite1.palmo-concept.com\/wp-content\/uploads\/2025\/10\/zoo_refuge_la_taniere-768x659.webp 768w, https:\/\/gite1.palmo-concept.com\/wp-content\/uploads\/2025\/10\/zoo_refuge_la_taniere.webp 1100w\" sizes=\"(max-width: 800px) 100vw, 800px\" \/>\t\t\t\t\t\t\t\t\t\t\t\t\t\t\t<\/div>\n\t\t\t\t<\/div>\n\t\t<div class=\"elementor-element elementor-element-0209971 e-con-full e-flex e-con e-child\" data-id=\"0209971\" data-element_type=\"container\">\n\t\t\t\t<div class=\"elementor-element elementor-element-2f95776 elementor-widget elementor-widget-heading\" data-id=\"2f95776\" data-element_type=\"widget\" data-widget_type=\"heading.default\">\n\t\t\t\t\t<h2 class=\"elementor-heading-title elementor-size-default\">Nature &amp; animaux \u2013 Zoo\u2011Refuge La Tani\u00e8re<\/h2>\t\t\t\t<\/div>\n\t\t\t\t<div class=\"elementor-element elementor-element-b0978f8 elementor-widget elementor-widget-text-editor\" data-id=\"b0978f8\" data-element_type=\"widget\" data-widget_type=\"text-editor.default\">\n\t\t\t\t\t\t\t\t\t<p>\u00c0 seulement quelques kilom\u00e8tres, d\u00e9couvrez ce refuge unique qui accueille des animaux issus de sauvetages et offre un cadre p\u00e9dagogique et touchant.<\/p><p>Vous pourrez vous promener sur 14 \u00e0 20 ha, rencontrer plus de 70 esp\u00e8ces et profiter d\u2019un espace calme en pleine nature.<\/p>\t\t\t\t\t\t\t\t<\/div>\n\t\t\t\t<div class=\"elementor-element elementor-element-5124d7d elementor-align-center elementor-widget__width-initial elementor-invisible elementor-widget elementor-widget-button\" data-id=\"5124d7d\" data-element_type=\"widget\" data-settings=\"{&quot;_animation&quot;:&quot;fadeIn&quot;,&quot;_animation_delay&quot;:400}\" data-widget_type=\"button.default\">\n\t\t\t\t\t\t\t\t\t\t<a class=\"elementor-button elementor-button-link elementor-size-sm\" href=\"https:\/\/lataniere-zoorefuge.fr\/\" target=\"_blank\">\n\t\t\t\t\t\t<span class=\"elementor-button-content-wrapper\">\n\t\t\t\t\t\t\t\t\t<span class=\"elementor-button-text\">Lien pour plus d'informations<\/span>\n\t\t\t\t\t<\/span>\n\t\t\t\t\t<\/a>\n\t\t\t\t\t\t\t\t<\/div>\n\t\t\t\t<\/div>\n\t\t\t\t\t<\/div>\n\t\t\t\t<\/div>\n\t\t<div class=\"elementor-element elementor-element-b6b2705 e-flex e-con-boxed e-con e-parent\" data-id=\"b6b2705\" data-element_type=\"container\">\n\t\t\t\t\t<div class=\"e-con-inner\">\n\t\t<div class=\"elementor-element elementor-element-65f0ca5 e-con-full e-flex e-con e-child\" data-id=\"65f0ca5\" data-element_type=\"container\">\n\t\t\t\t<div class=\"elementor-element elementor-element-61334b6 elementor-widget elementor-widget-image\" data-id=\"61334b6\" data-element_type=\"widget\" data-widget_type=\"image.default\">\n\t\t\t\t\t\t\t\t\t\t\t\t\t\t\t<img decoding=\"async\" width=\"800\" height=\"450\" src=\"https:\/\/gite1.palmo-concept.com\/wp-content\/uploads\/2025\/10\/complexe-odyssee-chartres-1024x576.webp\" class=\"attachment-large size-large wp-image-313\" alt=\"Complexe aquatique L\u2019Odyss\u00e9e Chartres\" srcset=\"https:\/\/gite1.palmo-concept.com\/wp-content\/uploads\/2025\/10\/complexe-odyssee-chartres-1024x576.webp 1024w, https:\/\/gite1.palmo-concept.com\/wp-content\/uploads\/2025\/10\/complexe-odyssee-chartres-300x169.webp 300w, https:\/\/gite1.palmo-concept.com\/wp-content\/uploads\/2025\/10\/complexe-odyssee-chartres-768x432.webp 768w, https:\/\/gite1.palmo-concept.com\/wp-content\/uploads\/2025\/10\/complexe-odyssee-chartres.webp 1100w\" sizes=\"(max-width: 800px) 100vw, 800px\" \/>\t\t\t\t\t\t\t\t\t\t\t\t\t\t\t<\/div>\n\t\t\t\t<\/div>\n\t\t<div class=\"elementor-element elementor-element-10a8a82 e-con-full e-flex e-con e-child\" data-id=\"10a8a82\" data-element_type=\"container\">\n\t\t\t\t<div class=\"elementor-element elementor-element-54281c4 elementor-widget elementor-widget-heading\" data-id=\"54281c4\" data-element_type=\"widget\" data-widget_type=\"heading.default\">\n\t\t\t\t\t<h2 class=\"elementor-heading-title elementor-size-default\">Loisirs aquatiques \u2013 L\u2019Odyss\u00e9e (Chartres)<\/h2>\t\t\t\t<\/div>\n\t\t\t\t<div class=\"elementor-element elementor-element-121734a elementor-widget elementor-widget-text-editor\" data-id=\"121734a\" data-element_type=\"widget\" data-widget_type=\"text-editor.default\">\n\t\t\t\t\t\t\t\t\t<p>Pour tous les \u00e2ges, ce grand complexe aquatique saura s\u00e9duire les amateurs de baignade, toboggans, d\u00e9tente ou sport. Il est reconnu comme l\u2019un des plus grands du genre en France.<\/p><p>Vous y trouverez notamment une rivi\u00e8re \u00e0 courant, bassins olympiques, toboggans ext\u00e9rieurs, espace bien-\u00eatre (jacuzzi, hammam\u2026).<\/p>\t\t\t\t\t\t\t\t<\/div>\n\t\t\t\t<div class=\"elementor-element elementor-element-254761a elementor-align-center elementor-widget__width-initial elementor-invisible elementor-widget elementor-widget-button\" data-id=\"254761a\" data-element_type=\"widget\" data-settings=\"{&quot;_animation&quot;:&quot;fadeIn&quot;,&quot;_animation_delay&quot;:400}\" data-widget_type=\"button.default\">\n\t\t\t\t\t\t\t\t\t\t<a class=\"elementor-button elementor-button-link elementor-size-sm\" href=\"https:\/\/www.odyssee-chartres.fr\/\" target=\"_blank\">\n\t\t\t\t\t\t<span class=\"elementor-button-content-wrapper\">\n\t\t\t\t\t\t\t\t\t<span class=\"elementor-button-text\">Lien pour plus d'informations<\/span>\n\t\t\t\t\t<\/span>\n\t\t\t\t\t<\/a>\n\t\t\t\t\t\t\t\t<\/div>\n\t\t\t\t<\/div>\n\t\t\t\t\t<\/div>\n\t\t\t\t<\/div>\n\t\t<div class=\"elementor-element elementor-element-66bed13 e-flex e-con-boxed e-con e-parent\" data-id=\"66bed13\" data-element_type=\"container\">\n\t\t\t\t\t<div class=\"e-con-inner\">\n\t\t<div class=\"elementor-element elementor-element-e468bac e-con-full e-flex e-con e-child\" data-id=\"e468bac\" data-element_type=\"container\">\n\t\t\t\t<div class=\"elementor-element elementor-element-3873617 elementor-widget elementor-widget-image\" data-id=\"3873617\" data-element_type=\"widget\" data-widget_type=\"image.default\">\n\t\t\t\t\t\t\t\t\t\t\t\t\t\t\t<img decoding=\"async\" width=\"800\" height=\"450\" src=\"https:\/\/gite1.palmo-concept.com\/wp-content\/uploads\/2025\/11\/colisee.webp\" class=\"attachment-large size-large wp-image-376\" alt=\"Le Colis\u00e9e Chartres salle de spectacle\" srcset=\"https:\/\/gite1.palmo-concept.com\/wp-content\/uploads\/2025\/11\/colisee.webp 1024w, https:\/\/gite1.palmo-concept.com\/wp-content\/uploads\/2025\/11\/colisee-300x169.webp 300w, https:\/\/gite1.palmo-concept.com\/wp-content\/uploads\/2025\/11\/colisee-768x432.webp 768w\" sizes=\"(max-width: 800px) 100vw, 800px\" \/>\t\t\t\t\t\t\t\t\t\t\t\t\t\t\t<\/div>\n\t\t\t\t<\/div>\n\t\t<div class=\"elementor-element elementor-element-3b1b1bc e-con-full e-flex e-con e-child\" data-id=\"3b1b1bc\" data-element_type=\"container\">\n\t\t\t\t<div class=\"elementor-element elementor-element-d870fdb elementor-widget elementor-widget-heading\" data-id=\"d870fdb\" data-element_type=\"widget\" data-widget_type=\"heading.default\">\n\t\t\t\t\t<h2 class=\"elementor-heading-title elementor-size-default\">Culture &amp; spectacle \u2013 Le Colis\u00e9e (Chartres)<\/h2>\t\t\t\t<\/div>\n\t\t\t\t<div class=\"elementor-element elementor-element-dd0dde7 elementor-widget elementor-widget-text-editor\" data-id=\"dd0dde7\" data-element_type=\"widget\" data-widget_type=\"text-editor.default\">\n\t\t\t\t\t\t\t\t\t<p>Envie d\u2019une soir\u00e9e spectacle, d\u2019un concert ou d\u2019un \u00e9v\u00e9nement sportif ? Le Colis\u00e9e, \u00e0 Chartres, vous ouvre ses portes pour des moments festifs ou divertissants.<\/p>\t\t\t\t\t\t\t\t<\/div>\n\t\t\t\t<div class=\"elementor-element elementor-element-bc2b6fa elementor-align-center elementor-widget__width-initial elementor-invisible elementor-widget elementor-widget-button\" data-id=\"bc2b6fa\" data-element_type=\"widget\" data-settings=\"{&quot;_animation&quot;:&quot;fadeIn&quot;,&quot;_animation_delay&quot;:400}\" data-widget_type=\"button.default\">\n\t\t\t\t\t\t\t\t\t\t<a class=\"elementor-button elementor-button-link elementor-size-sm\" href=\"https:\/\/www.colisee-chartres.fr\/events\" target=\"_blank\">\n\t\t\t\t\t\t<span class=\"elementor-button-content-wrapper\">\n\t\t\t\t\t\t\t\t\t<span class=\"elementor-button-text\">Lien pour plus d'informations<\/span>\n\t\t\t\t\t<\/span>\n\t\t\t\t\t<\/a>\n\t\t\t\t\t\t\t\t<\/div>\n\t\t\t\t<\/div>\n\t\t\t\t\t<\/div>\n\t\t\t\t<\/div>\n\t\t<div class=\"elementor-element elementor-element-9651820 e-flex e-con-boxed e-con e-parent\" data-id=\"9651820\" data-element_type=\"container\">\n\t\t\t\t\t<div class=\"e-con-inner\">\n\t\t<div class=\"elementor-element elementor-element-c35fccd e-con-full e-flex e-con e-child\" data-id=\"c35fccd\" data-element_type=\"container\">\n\t\t\t\t<div class=\"elementor-element elementor-element-1b40cc9 elementor-widget elementor-widget-image\" data-id=\"1b40cc9\" data-element_type=\"widget\" data-widget_type=\"image.default\">\n\t\t\t\t\t\t\t\t\t\t\t\t<figure class=\"wp-caption\">\n\t\t\t\t\t\t\t\t\t\t<img loading=\"lazy\" decoding=\"async\" width=\"500\" height=\"500\" src=\"https:\/\/gite1.palmo-concept.com\/wp-content\/uploads\/2025\/11\/chartres_notre_dame.webp\" class=\"attachment-large size-large wp-image-391\" alt=\"Cath\u00e9drale Notre-Dame de Chartres ext\u00e9rieur\" srcset=\"https:\/\/gite1.palmo-concept.com\/wp-content\/uploads\/2025\/11\/chartres_notre_dame.webp 500w, https:\/\/gite1.palmo-concept.com\/wp-content\/uploads\/2025\/11\/chartres_notre_dame-300x300.webp 300w, https:\/\/gite1.palmo-concept.com\/wp-content\/uploads\/2025\/11\/chartres_notre_dame-150x150.webp 150w\" sizes=\"(max-width: 500px) 100vw, 500px\" \/>\t\t\t\t\t\t\t\t\t\t\t<figcaption class=\"widget-image-caption wp-caption-text\">\u00a9 Ludvig14, CC BY-SA 4.0<\/figcaption>\n\t\t\t\t\t\t\t\t\t\t<\/figure>\n\t\t\t\t\t\t\t\t\t<\/div>\n\t\t\t\t<\/div>\n\t\t<div class=\"elementor-element elementor-element-c732543 e-con-full e-flex e-con e-child\" data-id=\"c732543\" data-element_type=\"container\">\n\t\t\t\t<div class=\"elementor-element elementor-element-c362063 elementor-widget elementor-widget-heading\" data-id=\"c362063\" data-element_type=\"widget\" data-widget_type=\"heading.default\">\n\t\t\t\t\t<h2 class=\"elementor-heading-title elementor-size-default\">Patrimoine exceptionnel \u2013 Cath\u00e9drale Notre\u2011Dame de Chartres<\/h2>\t\t\t\t<\/div>\n\t\t\t\t<div class=\"elementor-element elementor-element-0b745e1 elementor-widget elementor-widget-text-editor\" data-id=\"0b745e1\" data-element_type=\"widget\" data-widget_type=\"text-editor.default\">\n\t\t\t\t\t\t\t\t\t<p>Un incontournable : class\u00e9e patrimoine mondial de l\u2019UNESCO, la cath\u00e9drale de Chartres \u00e9merveille par ses vitraux, son architecture gothique et son histoire.<br \/>Elle est ouverte tous les jours de 8h30 \u00e0 19h30, id\u00e9ale pour une visite en famille ou en fin de journ\u00e9e pour profiter de la lumi\u00e8re.<\/p>\t\t\t\t\t\t\t\t<\/div>\n\t\t\t\t<div class=\"elementor-element elementor-element-6813d3c elementor-align-center elementor-widget__width-initial elementor-invisible elementor-widget elementor-widget-button\" data-id=\"6813d3c\" data-element_type=\"widget\" data-settings=\"{&quot;_animation&quot;:&quot;fadeIn&quot;,&quot;_animation_delay&quot;:400}\" data-widget_type=\"button.default\">\n\t\t\t\t\t\t\t\t\t\t<a class=\"elementor-button elementor-button-link elementor-size-sm\" href=\"https:\/\/www.cathedrale-chartres.org\/\" target=\"_blank\">\n\t\t\t\t\t\t<span class=\"elementor-button-content-wrapper\">\n\t\t\t\t\t\t\t\t\t<span class=\"elementor-button-text\">Lien pour plus d'informations<\/span>\n\t\t\t\t\t<\/span>\n\t\t\t\t\t<\/a>\n\t\t\t\t\t\t\t\t<\/div>\n\t\t\t\t<\/div>\n\t\t\t\t\t<\/div>\n\t\t\t\t<\/div>\n\t\t<div class=\"elementor-element elementor-element-3d89c31 e-flex e-con-boxed e-con e-parent\" data-id=\"3d89c31\" data-element_type=\"container\">\n\t\t\t\t\t<div class=\"e-con-inner\">\n\t\t<div class=\"elementor-element elementor-element-7b127ed e-con-full e-flex e-con e-child\" data-id=\"7b127ed\" data-element_type=\"container\">\n\t\t\t\t<div class=\"elementor-element elementor-element-e7b54d4 elementor-widget elementor-widget-image\" data-id=\"e7b54d4\" data-element_type=\"widget\" data-widget_type=\"image.default\">\n\t\t\t\t\t\t\t\t\t\t\t\t<figure class=\"wp-caption\">\n\t\t\t\t\t\t\t\t\t\t<img loading=\"lazy\" decoding=\"async\" width=\"800\" height=\"800\" src=\"https:\/\/gite1.palmo-concept.com\/wp-content\/uploads\/2025\/11\/chartres-evenemets-transparent.webp\" class=\"attachment-large size-large wp-image-599\" alt=\"chartres-evenemets-transparent\" srcset=\"https:\/\/gite1.palmo-concept.com\/wp-content\/uploads\/2025\/11\/chartres-evenemets-transparent.webp 912w, https:\/\/gite1.palmo-concept.com\/wp-content\/uploads\/2025\/11\/chartres-evenemets-transparent-300x300.webp 300w, https:\/\/gite1.palmo-concept.com\/wp-content\/uploads\/2025\/11\/chartres-evenemets-transparent-150x150.webp 150w, https:\/\/gite1.palmo-concept.com\/wp-content\/uploads\/2025\/11\/chartres-evenemets-transparent-768x768.webp 768w\" sizes=\"(max-width: 800px) 100vw, 800px\" \/>\t\t\t\t\t\t\t\t\t\t\t<figcaption class=\"widget-image-caption wp-caption-text\">Chartres \u00e9v\u00e8nements<\/figcaption>\n\t\t\t\t\t\t\t\t\t\t<\/figure>\n\t\t\t\t\t\t\t\t\t<\/div>\n\t\t\t\t<\/div>\n\t\t<div class=\"elementor-element elementor-element-e41f6af e-con-full e-flex e-con e-child\" data-id=\"e41f6af\" data-element_type=\"container\">\n\t\t\t\t<div class=\"elementor-element elementor-element-0ae7181 elementor-widget elementor-widget-heading\" data-id=\"0ae7181\" data-element_type=\"widget\" data-widget_type=\"heading.default\">\n\t\t\t\t\t<h2 class=\"elementor-heading-title elementor-size-default\">Agenda &amp; \u00e9v\u00e9nements autour de Chartres<\/h2>\t\t\t\t<\/div>\n\t\t\t\t<div class=\"elementor-element elementor-element-aaaf288 elementor-widget elementor-widget-text-editor\" data-id=\"aaaf288\" data-element_type=\"widget\" data-widget_type=\"text-editor.default\">\n\t\t\t\t\t\t\t\t\t<p>Chartres et ses alentours sont anim\u00e9s tout au long de l\u2019ann\u00e9e : festivals, expositions, balades nocturnes, animations enfants\u2026 Il suffit de consulter l\u2019agenda pour choisir votre sortie selon vos envies.<\/p>\t\t\t\t\t\t\t\t<\/div>\n\t\t\t\t<div class=\"elementor-element elementor-element-5b4fb3f elementor-align-left elementor-widget__width-initial elementor-invisible elementor-widget elementor-widget-button\" data-id=\"5b4fb3f\" data-element_type=\"widget\" data-settings=\"{&quot;_animation&quot;:&quot;fadeIn&quot;,&quot;_animation_delay&quot;:400}\" data-widget_type=\"button.default\">\n\t\t\t\t\t\t\t\t\t\t<a class=\"elementor-button elementor-button-link elementor-size-sm\" href=\"https:\/\/www.chartres-tourisme.com\/vivez\/agenda\/agenda-des-manifestations\" target=\"_blank\">\n\t\t\t\t\t\t<span class=\"elementor-button-content-wrapper\">\n\t\t\t\t\t\t\t\t\t<span class=\"elementor-button-text\">Lien pour plus d'informations<\/span>\n\t\t\t\t\t<\/span>\n\t\t\t\t\t<\/a>\n\t\t\t\t\t\t\t\t<\/div>\n\t\t\t\t<div class=\"elementor-element elementor-element-2481038 elementor-align-left elementor-widget__width-initial elementor-invisible elementor-widget elementor-widget-button\" data-id=\"2481038\" data-element_type=\"widget\" data-settings=\"{&quot;_animation&quot;:&quot;fadeIn&quot;,&quot;_animation_delay&quot;:400}\" data-widget_type=\"button.default\">\n\t\t\t\t\t\t\t\t\t\t<a class=\"elementor-button elementor-button-link elementor-size-sm\" href=\"https:\/\/www.chartres.fr\/agenda\" target=\"_blank\">\n\t\t\t\t\t\t<span class=\"elementor-button-content-wrapper\">\n\t\t\t\t\t\t\t\t\t<span class=\"elementor-button-text\">Agenda Officiel<\/span>\n\t\t\t\t\t<\/span>\n\t\t\t\t\t<\/a>\n\t\t\t\t\t\t\t\t<\/div>\n\t\t\t\t<\/div>\n\t\t\t\t\t<\/div>\n\t\t\t\t<\/div>\n\t\t<div class=\"elementor-element elementor-element-cf61c1e e-flex e-con-boxed e-con e-parent\" data-id=\"cf61c1e\" data-element_type=\"container\">\n\t\t\t\t\t<div class=\"e-con-inner\">\n\t\t<div class=\"elementor-element elementor-element-9c345c8 e-con-full e-flex e-con e-child\" data-id=\"9c345c8\" data-element_type=\"container\">\n\t\t\t\t<div class=\"elementor-element elementor-element-23abf4e elementor-widget elementor-widget-image\" data-id=\"23abf4e\" data-element_type=\"widget\" data-widget_type=\"image.default\">\n\t\t\t\t\t\t\t\t\t\t\t\t<figure class=\"wp-caption\">\n\t\t\t\t\t\t\t\t\t\t<img loading=\"lazy\" decoding=\"async\" width=\"800\" height=\"450\" src=\"https:\/\/gite1.palmo-concept.com\/wp-content\/uploads\/2025\/11\/balade-des-bords-de-l-eure.webp\" class=\"attachment-large size-large wp-image-604\" alt=\"Balade des bords de l&#039;eure\" srcset=\"https:\/\/gite1.palmo-concept.com\/wp-content\/uploads\/2025\/11\/balade-des-bords-de-l-eure.webp 1024w, https:\/\/gite1.palmo-concept.com\/wp-content\/uploads\/2025\/11\/balade-des-bords-de-l-eure-300x169.webp 300w, https:\/\/gite1.palmo-concept.com\/wp-content\/uploads\/2025\/11\/balade-des-bords-de-l-eure-768x432.webp 768w\" sizes=\"(max-width: 800px) 100vw, 800px\" \/>\t\t\t\t\t\t\t\t\t\t\t<figcaption class=\"widget-image-caption wp-caption-text\">La Promenade des bords de l'Eure - Chartres M\u00e9tropole<\/figcaption>\n\t\t\t\t\t\t\t\t\t\t<\/figure>\n\t\t\t\t\t\t\t\t\t<\/div>\n\t\t\t\t<\/div>\n\t\t<div class=\"elementor-element elementor-element-5d618bc e-con-full e-flex e-con e-child\" data-id=\"5d618bc\" data-element_type=\"container\">\n\t\t\t\t<div class=\"elementor-element elementor-element-11e918d elementor-widget elementor-widget-heading\" data-id=\"11e918d\" data-element_type=\"widget\" data-widget_type=\"heading.default\">\n\t\t\t\t\t<h2 class=\"elementor-heading-title elementor-size-default\"> Balades &amp; nature \u00e0 proximit\u00e9 du g\u00eete<\/h2>\t\t\t\t<\/div>\n\t\t\t\t<div class=\"elementor-element elementor-element-6f56244 elementor-widget elementor-widget-text-editor\" data-id=\"6f56244\" data-element_type=\"widget\" data-widget_type=\"text-editor.default\">\n\t\t\t\t\t\t\t\t\t<p>Profitez aussi de la nature : les bords de l\u2019Eure \u00e0 Chartres offrent un cadre paisible pour une promenade, un pique-nique ou une sortie en famille.<br \/>Pistes cyclables et chemins pi\u00e9tonniers s\u2019\u00e9tendent sur plusieurs kilom\u00e8tres pour d\u00e9couvrir autrement le territoire. <br \/>Astuce : Prenez des v\u00e9los ou trottinettes, surtout avec les enfants, pour une sortie apr\u00e8s le repas, au calme.<\/p>\t\t\t\t\t\t\t\t<\/div>\n\t\t\t\t<\/div>\n\t\t\t\t\t<\/div>\n\t\t\t\t<\/div>\n\t\t\t\t<\/div>\n\t\t","protected":false},"excerpt":{"rendered":"<p>Les alentours D\u00e9couvrez quelques activit\u00e9s autour du g\u00eete Nous contacter \u00c0 faire autour de notre g\u00eete \u00e0 G\u00e9lainville Install\u00e9s dans notre charmant g\u00eete \u00e0 G\u00e9lainville, vous \u00eates id\u00e9alement situ\u00e9s pour d\u00e9couvrir les tr\u00e9sors de la r\u00e9gion de Chartres et de l\u2019Eure-et-Loir. \u00c0 quelques minutes en voiture, partez \u00e0 l\u2019aventure, que vous soyez en famille, entre [&hellip;]<\/p>\n","protected":false},"author":1,"featured_media":0,"parent":0,"menu_order":0,"comment_status":"closed","ping_status":"closed","template":"elementor_header_footer","meta":{"footnotes":""},"class_list":["post-89","page","type-page","status-publish","hentry"],"_links":{"self":[{"href":"https:\/\/gite1.palmo-concept.com\/index.php?rest_route=\/wp\/v2\/pages\/89","targetHints":{"allow":["GET"]}}],"collection":[{"href":"https:\/\/gite1.palmo-concept.com\/index.php?rest_route=\/wp\/v2\/pages"}],"about":[{"href":"https:\/\/gite1.palmo-concept.com\/index.php?rest_route=\/wp\/v2\/types\/page"}],"author":[{"embeddable":true,"href":"https:\/\/gite1.palmo-concept.com\/index.php?rest_route=\/wp\/v2\/users\/1"}],"replies":[{"embeddable":true,"href":"https:\/\/gite1.palmo-concept.com\/index.php?rest_route=%2Fwp%2Fv2%2Fcomments&post=89"}],"version-history":[{"count":70,"href":"https:\/\/gite1.palmo-concept.com\/index.php?rest_route=\/wp\/v2\/pages\/89\/revisions"}],"predecessor-version":[{"id":607,"href":"https:\/\/gite1.palmo-concept.com\/index.php?rest_route=\/wp\/v2\/pages\/89\/revisions\/607"}],"wp:attachment":[{"href":"https:\/\/gite1.palmo-concept.com\/index.php?rest_route=%2Fwp%2Fv2%2Fmedia&parent=89"}],"curies":[{"name":"wp","href":"https:\/\/api.w.org\/{rel}","templated":true}]}}